{"id":5130,"date":"2025-05-13T11:16:33","date_gmt":"2025-05-13T15:16:33","guid":{"rendered":"https:\/\/frankoy.com\/?page_id=5130"},"modified":"2025-05-13T11:58:20","modified_gmt":"2025-05-13T15:58:20","slug":"team","status":"publish","type":"page","link":"https:\/\/frankoy.com\/en\/team\/","title":{"rendered":"TEAM"},"content":{"rendered":"<div class=\"flexslider\"><ul class=\"slides\"><li class=\"slide \"><div class=\"image\"><img decoding=\"async\" src=\"https:\/\/frankoy.com\/wp-content\/uploads\/2013\/04\/equipe_francois_morin.png\" alt=\"Fran\u00e7ois Morin\" \/><\/div><div class=\"text center_top_right\"><span class=\"toplabel\">Art Director<\/span><h2>Fran\u00e7ois Morin<\/h2><hr><\/hr><p>With 40 years of experience in creation and communication, Fran\u00e7ois Morin plays a key role in brand development. He strategically supports the clear and integrated launch and repositioning of any service or product. Recognized for his ability to successfully resolve the most complex situations, Fran\u00e7ois now leads a team of professionals with a single objective: the success of your business. Accustomed to quickly getting to the heart of the matter, our team will support you in expressing the unique qualities of your brand.<\/p><\/div><\/li><\/ul><\/div>\n<div class=\"two_columns_50_50 clearfix\">\n<\/div>\n<div style=\"margin-top:0px;margin-bottom:25px;\" class=\"separator\"><\/div>\n<div class=\"flexslider\"><ul class=\"slides\"><li class=\"slide \"><div class=\"image\"><img decoding=\"async\" src=\"https:\/\/frankoy.com\/wp-content\/uploads\/2024\/11\/equipe_FrankoyDA_Isabelle_Vince.png\" alt=\"Isabelle Vince\" \/><\/div><div class=\"text center_top_right\"><span class=\"toplabel\">Strategic Director<\/span><h2>Isabelle Vince<\/h2><hr><\/hr><p>For nearly 20 years, Isabelle has been supporting business leaders and managers. Communication and strategic management, marketing, writing, organizational agility\u2014Isabelle brings a wealth of diverse experience acquired in non-profit organizations, SMEs, and multinational corporations, both locally, nationally, and internationally. As an AOS coach, author, and lecturer at the University of Sherbrooke\u2019s School of Management, Isabelle is an exceptional ally in implementing effective communication strategies tailored to the new business reality. She is recognized for her creativity, rigor, analytical mindset, and attentiveness to needs.<\/p><\/div><\/li><\/ul><\/div>\n<div style=\"margin-top:0px;margin-bottom:25px;\" class=\"separator\"><\/div>\n<p>&nbsp;<\/p>\n<h3>Express the Essence of your Brand<\/h3>\n<p>&nbsp;<\/p>\n<div style=\"margin-top:0px;margin-bottom:35px;\" class=\"separator\"><\/div>\n<div style=\"clear: both;\"><\/div>\n<div class=\"collaborateurs\"><div class=\"slider_small type1\" style=\"height: 245px;\"><div class=\"slide_counter\"><span class=\"slide_counter_val\">3<\/span> \/ <span class=\"slide_counter_total_val\">6<\/span><\/div><h4>Principal Partners<\/h4><div class=\"separator small\"><\/div><div class=\"slider_small_holder\"><div class=\"slider_small_holder_inner\"><ul class=\"slider\"><li><div class=\"slide_item\"><div class=\"image\"><img decoding=\"async\" src=\"https:\/\/frankoy.com\/wp-content\/uploads\/2023\/01\/equipe_laurent_petit-2.jpg\" alt=\"Laurent Frey, Design\" \/><\/div><h5>Laurent Frey, Design<\/h5><hr\/><p>Inspired by the sensuality of the visible, Laurent shares the poetry of words and images. Versatile, he designs on all media supports. Trained in visual arts and architecture, he has specialized in graphic design, art direction and marketin<\/p><\/div><\/li><li><div class=\"slide_item\"><div class=\"image\"><img decoding=\"async\" src=\"https:\/\/frankoy.com\/wp-content\/uploads\/2013\/04\/equipe_dominique.jpg\" alt=\"Dominique Pepin M.A., Writing\" \/><\/div><h5>Dominique Pepin M.A., Writing<\/h5><hr\/><p>Creative and versatile, Dominique has trained in visual arts and modern languages. This dynamic thinker has worked for 20 public and private sectors. She is known for her constructive opinions and excellent communication skills.<\/p><\/div><\/li><li><div class=\"slide_item\"><div class=\"image\"><img decoding=\"async\" src=\"https:\/\/frankoy.com\/wp-content\/uploads\/2013\/04\/equipe_paul.jpg\" alt=\"Paul Chartier, Creation\" \/><\/div><h5>Paul Chartier, Creation<\/h5><hr\/><p>Paul is an attraction designer and entrepreneur. He reinforces the originality of approaches with innovative originality. This experiential engineer always finds the right balance between marketing, profitability and creativity.<\/p><\/div><\/li><li><div class=\"slide_item\"><div class=\"image\"><img decoding=\"async\" src=\"https:\/\/frankoy.com\/wp-content\/uploads\/2013\/04\/equipe_guillaume.jpg\" alt=\"Guillaume D\u00e9ry St-Cyr, , Programming\" \/><\/div><h5>Guillaume D\u00e9ry St-Cyr, , Programming<\/h5><hr\/><p>Guillaume specializes in the integration of dynamic websites and applications, as well in building and managing database. This talented young programmer is dedicated to providing clients with maximum control<\/p><\/div><\/li><li><div class=\"slide_item\"><div class=\"image\"><img decoding=\"async\" src=\"https:\/\/frankoy.com\/wp-content\/uploads\/2013\/04\/equipe_veronique.jpg\" alt=\"V\u00e9ronique Rousseau, Social Media\" \/><\/div><h5>V\u00e9ronique Rousseau, Social Media<\/h5><hr\/><p>Veronique is an online marketing professional who has developed strategies that attract between 2,000 and 4,000 hits per day. She is passionate about content marketing, Web marketing, social media and referencing<\/p><\/div><\/li><li><div class=\"slide_item\"><div class=\"image\"><img decoding=\"async\" src=\"https:\/\/frankoy.com\/wp-content\/uploads\/2014\/01\/equipe_TomaParent3.jpg\" alt=\"Toma Parent, vid\u00e9o\" \/><\/div><h5>Toma Parent, vid\u00e9o<\/h5><hr\/><p>Administrateur d\u2019exp\u00e9rience, Toma m\u00e8ne avec aisance un projet de son id\u00e9ation jusqu'\u00e0 son montage vid\u00e9o final. Il pratique son m\u00e9tier avec une vision cr\u00e9ative simple et efficace. Personnalit\u00e9 attachante, ses tournages sont toujours r\u00e9alis\u00e9s dans une ambiance agr\u00e9able.<\/p><\/div><\/li><\/ul><\/div><\/div><\/div><\/div>\n<div style=\"clear: both;\"><\/div>\n<div style=\"margin-top:0px;margin-bottom:35px;\" class=\"separator\"><\/div>\n<h2>Selected Clients<\/h2>\n<div class=\"four_columns clearfix\">\n<div class=\"column1\"><div class=\"column_inner\">\n<div class='list square'>\n<ul>\n<li>BANQUE NATIONALE<\/li>\n<li>CIRQUE DU SOLEIL<\/li>\n<li>CASINO DE MONTR\u00c9AL<\/li>\n<li>COOPTEL<\/li>\n<li>COMIT\u00c9 CANADA TIBET<\/li>\n<\/ul>\n<\/div>\n<\/div><\/div>\n<div class=\"column2\"><div class=\"column_inner\">\n<div class='list square'>\n<ul>\n<li>\u00c9QUITERRE<\/li>\n<li>FESTI-JAZZ RIMOUSKI<\/li>\n<li>GRAND PRIX DE VALCOURT<\/li>\n<li>GREENPEACE CANADA<\/li>\n<li>JEUX DU MONDE<\/li>\n<\/ul>\n<\/div>\n<\/div><\/div>\n<div class=\"column3\"><div class=\"column_inner\">\n<div class='list square'>\n<ul>\n<li>JUSTE POUR RIRE<\/li>\n<li>MARIO JEAN<\/li>\n<li>MOLSON<\/li>\n<li>MUSIQUEPLUS<\/li>\n<li>PIERRE VERVILLE<\/li>\n<\/ul>\n<\/div>\n<\/div><\/div>\n<div class=\"column4\"><div class=\"column_inner\">\n<div class='list square'>\n<ul>\n<li>SOS LABYRINTHE<\/li>\n<li>VAL ST-C\u00d4ME<\/li>\n<li>VILLE DE BROMONT<\/li>\n<li>FESTIVAL DES TRADITIONS DU MONDE DE SHERBROOKE<\/li>\n<\/ul>\n<\/div>\n<\/div><\/div>\n<\/div>\n<div style=\"height: 25px;\"><\/div>\n","protected":false},"excerpt":{"rendered":"<p>&nbsp; Express the Essence of your Brand &nbsp; Selected Clients<\/p>\n","protected":false},"author":1,"featured_media":0,"parent":0,"menu_order":0,"comment_status":"open","ping_status":"closed","template":"","meta":{"_acf_changed":false,"footnotes":""},"class_list":["post-5130","page","type-page","status-publish","hentry"],"acf":[],"yoast_head":"<!-- This site is optimized with the Yoast SEO plugin v27.4 - https:\/\/yoast.com\/product\/yoast-seo-wordpress\/ -->\n<title>TEAM - Frankoy D.A.<\/title>\n<meta name=\"robots\" content=\"index, follow, max-snippet:-1, max-image-preview:large, max-video-preview:-1\" \/>\n<link rel=\"canonical\" href=\"https:\/\/frankoy.com\/en\/team\/\" \/>\n<meta property=\"og:locale\" content=\"en_US\" \/>\n<meta property=\"og:type\" content=\"article\" \/>\n<meta property=\"og:title\" content=\"TEAM - Frankoy D.A.\" \/>\n<meta property=\"og:description\" content=\"&nbsp; Express the Essence of your Brand &nbsp; Selected Clients\" \/>\n<meta property=\"og:url\" content=\"https:\/\/frankoy.com\/en\/team\/\" \/>\n<meta property=\"og:site_name\" content=\"Frankoy D.A.\" \/>\n<meta property=\"article:modified_time\" content=\"2025-05-13T15:58:20+00:00\" \/>\n<meta name=\"twitter:card\" content=\"summary_large_image\" \/>\n<meta name=\"twitter:label1\" content=\"Est. reading time\" \/>\n\t<meta name=\"twitter:data1\" content=\"1 minute\" \/>\n<!-- \/ Yoast SEO plugin. -->","yoast_head_json":{"title":"TEAM - Frankoy D.A.","robots":{"index":"index","follow":"follow","max-snippet":"max-snippet:-1","max-image-preview":"max-image-preview:large","max-video-preview":"max-video-preview:-1"},"canonical":"https:\/\/frankoy.com\/en\/team\/","og_locale":"en_US","og_type":"article","og_title":"TEAM - Frankoy D.A.","og_description":"&nbsp; Express the Essence of your Brand &nbsp; Selected Clients","og_url":"https:\/\/frankoy.com\/en\/team\/","og_site_name":"Frankoy D.A.","article_modified_time":"2025-05-13T15:58:20+00:00","twitter_card":"summary_large_image","twitter_misc":{"Est. reading time":"1 minute"},"schema":{"@context":"https:\/\/schema.org","@graph":[{"@type":"WebPage","@id":"https:\/\/frankoy.com\/en\/team\/","url":"https:\/\/frankoy.com\/en\/team\/","name":"TEAM - Frankoy D.A.","isPartOf":{"@id":"https:\/\/frankoy.com\/#website"},"datePublished":"2025-05-13T15:16:33+00:00","dateModified":"2025-05-13T15:58:20+00:00","breadcrumb":{"@id":"https:\/\/frankoy.com\/en\/team\/#breadcrumb"},"inLanguage":"en-US","potentialAction":[{"@type":"ReadAction","target":["https:\/\/frankoy.com\/en\/team\/"]}]},{"@type":"BreadcrumbList","@id":"https:\/\/frankoy.com\/en\/team\/#breadcrumb","itemListElement":[{"@type":"ListItem","position":1,"name":"Accueil","item":"https:\/\/frankoy.com\/en\/"},{"@type":"ListItem","position":2,"name":"TEAM"}]},{"@type":"WebSite","@id":"https:\/\/frankoy.com\/#website","url":"https:\/\/frankoy.com\/","name":"Frankoy D.A.","description":"Exprimez l&#039;essentiel de votre marque","potentialAction":[{"@type":"SearchAction","target":{"@type":"EntryPoint","urlTemplate":"https:\/\/frankoy.com\/?s={search_term_string}"},"query-input":{"@type":"PropertyValueSpecification","valueRequired":true,"valueName":"search_term_string"}}],"inLanguage":"en-US"}]}},"_links":{"self":[{"href":"https:\/\/frankoy.com\/en\/wp-json\/wp\/v2\/pages\/5130","targetHints":{"allow":["GET"]}}],"collection":[{"href":"https:\/\/frankoy.com\/en\/wp-json\/wp\/v2\/pages"}],"about":[{"href":"https:\/\/frankoy.com\/en\/wp-json\/wp\/v2\/types\/page"}],"author":[{"embeddable":true,"href":"https:\/\/frankoy.com\/en\/wp-json\/wp\/v2\/users\/1"}],"replies":[{"embeddable":true,"href":"https:\/\/frankoy.com\/en\/wp-json\/wp\/v2\/comments?post=5130"}],"version-history":[{"count":8,"href":"https:\/\/frankoy.com\/en\/wp-json\/wp\/v2\/pages\/5130\/revisions"}],"predecessor-version":[{"id":5154,"href":"https:\/\/frankoy.com\/en\/wp-json\/wp\/v2\/pages\/5130\/revisions\/5154"}],"wp:attachment":[{"href":"https:\/\/frankoy.com\/en\/wp-json\/wp\/v2\/media?parent=5130"}],"curies":[{"name":"wp","href":"https:\/\/api.w.org\/{rel}","templated":true}]}}